{"id":192,"date":"2014-02-13T09:26:27","date_gmt":"2014-02-13T09:26:27","guid":{"rendered":"http:\/\/afficha.info\/\/?page_id=192"},"modified":"2023-03-15T11:38:04","modified_gmt":"2023-03-15T11:38:04","slug":"k%d0%be%d0%bd%d1%82%d0%b0%d0%ba%d1%82","status":"publish","type":"page","link":"https:\/\/afficha.info\/?page_id=192","title":{"rendered":"K\u043e\u043d\u0442\u0430\u043a\u0442"},"content":{"rendered":"<h2>\u00a0Affiche Paris-Europe (\u0415\u0432\u0440\u043e\u043f\u0435\u0439\u0441\u043a\u0430\u044f \u0430\u0444\u0438\u0448\u0430)<\/h2>\n<p>10, rue Notre-Dame de Lorette 75009 Paris<\/p>\n<p><strong>Mail de la r\u00e9daction :<\/strong> <a href=\"mailto:redaction@afficha.info\">redaction@afficha.info<\/a><\/p>\n<p>&nbsp;<\/p>\n<p>&nbsp;<\/p>\n<div class=\"row\">\n<div class=\"col-md-5\">\n<p><strong>\u0421\u0432\u044f\u0437\u0430\u0442\u044c\u0441\u044f \u0415\u043a\u0430\u0442\u0435\u0440\u0438\u043d\u0430 \u0411\u043e\u0433\u043e\u043f\u043e\u043b\u044c\u0441\u043a\u0430\u044f<\/strong><\/p>\n<\/div>\n<div class=\"col-md-6\">\n<p><strong> Contacter\u00a0Ekaterina Bogopolskaia<\/strong><\/p>\n<p>&nbsp;<\/p>\n\n<div class=\"wpcf7 no-js\" id=\"wpcf7-f630-o1\" lang=\"ru-RU\" dir=\"ltr\" data-wpcf7-id=\"630\">\n<div class=\"screen-reader-response\"><p role=\"status\" aria-live=\"polite\" aria-atomic=\"true\"><\/p> <ul><\/ul><\/div>\n<form action=\"\/index.php?rest_route=%2Fwp%2Fv2%2Fpages%2F192#wpcf7-f630-o1\" method=\"post\" class=\"wpcf7-form init\" aria-label=\"\u041a\u043e\u043d\u0442\u0430\u043a\u0442\u043d\u0430\u044f \u0444\u043e\u0440\u043c\u0430\" novalidate=\"novalidate\" data-status=\"init\">\n<fieldset class=\"hidden-fields-container\"><input type=\"hidden\" name=\"_wpcf7\" value=\"630\" \/><input type=\"hidden\" name=\"_wpcf7_version\" value=\"6.1.5\" \/><input type=\"hidden\" name=\"_wpcf7_locale\" value=\"ru_RU\" \/><input type=\"hidden\" name=\"_wpcf7_unit_tag\" value=\"wpcf7-f630-o1\" \/><input type=\"hidden\" name=\"_wpcf7_container_post\" value=\"0\" \/><input type=\"hidden\" name=\"_wpcf7_posted_data_hash\" value=\"\" \/>\n<\/fieldset>\n<p>\u0412\u0430\u0448\u0435 \u0438\u043c\u044f \/ Votre nom\n<\/p>\n<p><span class=\"wpcf7-form-control-wrap\" data-name=\"your-name\"><input size=\"40\" maxlength=\"400\" class=\"wpcf7-form-control wpcf7-text wpcf7-validates-as-required\" aria-required=\"true\" aria-invalid=\"false\" value=\"\" type=\"text\" name=\"your-name\" \/><\/span>\n<\/p>\n<p>\u0412\u0430\u0448 e-mail \/ Votre email\n<\/p>\n<p><span class=\"wpcf7-form-control-wrap\" data-name=\"your-email\"><input size=\"40\" maxlength=\"400\" class=\"wpcf7-form-control wpcf7-email wpcf7-validates-as-required wpcf7-text wpcf7-validates-as-email\" aria-required=\"true\" aria-invalid=\"false\" value=\"\" type=\"email\" name=\"your-email\" \/><\/span>\n<\/p>\n<p>\u0422\u0435\u043c\u0430 \/ Sujet\n<\/p>\n<p><span class=\"wpcf7-form-control-wrap\" data-name=\"your-subject\"><input size=\"40\" maxlength=\"400\" class=\"wpcf7-form-control wpcf7-text wpcf7-validates-as-required\" aria-required=\"true\" aria-invalid=\"false\" value=\"\" type=\"text\" name=\"your-subject\" \/><\/span>\n<\/p>\n<p>\u0421\u043e\u043e\u0431\u0449\u0435\u043d\u0438\u0435 \/ Message\n<\/p>\n<p><span class=\"wpcf7-form-control-wrap\" data-name=\"your-message\"><textarea cols=\"40\" rows=\"10\" maxlength=\"2000\" class=\"wpcf7-form-control wpcf7-textarea\" aria-invalid=\"false\" name=\"your-message\"><\/textarea><\/span>\n<\/p>\n<p><input class=\"wpcf7-form-control wpcf7-submit has-spinner\" type=\"submit\" value=\"\u041e\u0442\u043f\u0440\u0430\u0432\u0438\u0442\u044c - Envoyer\" \/>\n<\/p><div class=\"wpcf7-response-output\" aria-hidden=\"true\"><\/div>\n<\/form>\n<\/div>\n\n<\/div>\n<\/div>\n<hr \/>\n<p>&nbsp;<\/p>\n<h2><a name=\"mentions-legales\"><\/a>Mentions l\u00e9gales &#8211; \u041f\u0440\u0430\u0432\u043e\u0432\u0430\u044f \u0438\u043d\u0444\u043e\u0440\u043c\u0430\u0446\u0438\u044f.<\/h2>\n<p>&nbsp;<\/p>\n<p>Le magazine en ligne Affiche Paris-Europe ( \u0415\u0432\u0440\u043e\u043f\u0435\u0439\u0441\u043a\u0430\u044f \u0430\u0444\u0438\u0448\u0430), pr\u00e9sent\u00e9 sur le site afficha.info, est \u00e9dit\u00e9 par l\u2019Association Art Studio Russie r\u00e9gie par la loi du 1er juillet 1901.<\/p>\n<p><strong>Siret :<\/strong> 75141101800011<\/p>\n<p><strong>APE :<\/strong> 9001Z<\/p>\n<p><strong>Si\u00e8ge social et adresse de la r\u00e9daction :<\/strong> 10, rue Notre-Dame de Lorette 75009 Paris<\/p>\n<p><strong>H\u00e9bergeur :<\/strong> 1&amp;1 IONOS SARL &#8211; 7, place de la Gare &#8211; BP 70109 &#8211; 57201 Sarreguemines Cedex\u00a0<\/p>\n<p><strong style=\"line-height: 1.5em;\">R\u00e9dactrice en chef :<\/strong><span style=\"line-height: 1.5em;\"> Ekaterina Bogopolskaia<\/span><\/p>\n<p><strong>Directeur: <\/strong>Pierre-Fran\u00e7ois Prouteau-Roy<\/p>\n<p><strong style=\"line-height: 1.5em;\">Conception et design :<\/strong><span style=\"line-height: 1.5em;\"> Olivier Ch\u00e8vre &#8211;\u00a0<\/span><a href=\"http:\/\/olivierchevre.com\" target=\"_blank\" rel=\"noopener noreferrer\">http:\/\/olivierchevre.com<\/a><\/p>\n<p>Affiche Paris-Europe (\u0415\u0432\u0440\u043e\u043f\u0435\u0439\u0441\u043a\u0430\u044f \u0430\u0444\u0438\u0448\u0430) est le titulaire de tous les droits de propri\u00e9t\u00e9 intellectuelle sur l\u2019ensemble des contenus diffus\u00e9s sur le site internet afficha.info.<\/p>\n<p>A ce titre, seul est consenti \u00e0 l\u2019utilisateur le droit de reproduire tout ou partie du contenu du site afficha.info pour un usage personnel et priv\u00e9 et \u00e0 des fins non commerciales uniquement.<\/p>\n<p><em>\u0412\u0435\u0431-\u0436\u0443\u0440\u043d\u0430\u043b \u0415\u0432\u0440\u043e\u043f\u0435\u0439\u0441\u043a\u0430\u044f \u0430\u0444\u0438\u0448\u0430, \u0440\u0430\u0441\u043f\u043e\u043b\u0430\u0433\u0430\u044e\u0449\u0438\u0439\u0441\u044f \u043d\u0430 \u0441\u0430\u0439\u0442\u0435 afficha.info, \u0441\u043e\u0434\u0435\u0440\u0436\u0438\u0442 \u043c\u0430\u0442\u0435\u0440\u0438\u0430\u043b\u044b, \u043e\u0445\u0440\u0430\u043d\u044f\u0435\u043c\u044b\u0435 \u0430\u0432\u0442\u043e\u0440\u0441\u043a\u0438\u043c \u043f\u0440\u0430\u0432\u043e\u043c, \u0432 \u0447\u0430\u0441\u0442\u043d\u043e\u0441\u0442\u0438 \u0442\u0435\u043a\u0441\u0442\u044b, \u0444\u043e\u0442\u043e\u0433\u0440\u0430\u0444\u0438\u0438, \u0432\u0438\u0434\u0435\u043e\u043c\u0430\u0442\u0435\u0440\u0438\u0430\u043b\u044b, \u0433\u0440\u0430\u0444\u0438\u0447\u0435\u0441\u043a\u0438\u0435 \u0438\u0437\u043e\u0431\u0440\u0430\u0436\u0435\u043d\u0438\u044f, \u043c\u0443\u0437\u044b\u043a\u0430\u043b\u044c\u043d\u044b\u0435 \u043f\u0440\u043e\u0438\u0437\u0432\u0435\u0434\u0435\u043d\u0438\u044f.<\/em><\/p>\n","protected":false},"excerpt":{"rendered":"<p>\u00a0Affiche Paris-Europe (\u0415\u0432\u0440\u043e\u043f\u0435\u0439\u0441\u043a\u0430\u044f \u0430\u0444\u0438\u0448\u0430) 10, rue Notre-Dame de Lorette 75009 Paris Mail de la r\u00e9daction : redaction@afficha.info &nbsp; &nbsp; \u0421\u0432\u044f\u0437\u0430\u0442\u044c\u0441\u044f \u0415\u043a\u0430\u0442\u0435\u0440\u0438\u043d\u0430 \u0411\u043e\u0433\u043e\u043f\u043e\u043b\u044c\u0441\u043a\u0430\u044f Contacter\u00a0Ekaterina Bogopolskaia &nbsp; &nbsp; Mentions l\u00e9gales &#8211; \u041f\u0440\u0430\u0432\u043e\u0432\u0430\u044f \u0438\u043d\u0444\u043e\u0440\u043c\u0430\u0446\u0438\u044f. &nbsp; Le magazine en ligne Affiche Paris-Europe ( \u0415\u0432\u0440\u043e\u043f\u0435\u0439\u0441\u043a\u0430\u044f \u0430\u0444\u0438\u0448\u0430), pr\u00e9sent\u00e9 sur le site afficha.info, est \u00e9dit\u00e9 par l\u2019Association Art Studio Russie r\u00e9gie par &hellip;<\/p>\n","protected":false},"author":1,"featured_media":0,"parent":0,"menu_order":0,"comment_status":"closed","ping_status":"open","template":"","meta":{"iawp_total_views":155,"footnotes":""},"class_list":["post-192","page","type-page","status-publish","hentry"],"_links":{"self":[{"href":"https:\/\/afficha.info\/index.php?rest_route=\/wp\/v2\/pages\/192","targetHints":{"allow":["GET"]}}],"collection":[{"href":"https:\/\/afficha.info\/index.php?rest_route=\/wp\/v2\/pages"}],"about":[{"href":"https:\/\/afficha.info\/index.php?rest_route=\/wp\/v2\/types\/page"}],"author":[{"embeddable":true,"href":"https:\/\/afficha.info\/index.php?rest_route=\/wp\/v2\/users\/1"}],"replies":[{"embeddable":true,"href":"https:\/\/afficha.info\/index.php?rest_route=%2Fwp%2Fv2%2Fcomments&post=192"}],"version-history":[{"count":0,"href":"https:\/\/afficha.info\/index.php?rest_route=\/wp\/v2\/pages\/192\/revisions"}],"wp:attachment":[{"href":"https:\/\/afficha.info\/index.php?rest_route=%2Fwp%2Fv2%2Fmedia&parent=192"}],"curies":[{"name":"wp","href":"https:\/\/api.w.org\/{rel}","templated":true}]}}